{"id":5745,"date":"2021-02-03T11:16:21","date_gmt":"2021-02-03T11:16:21","guid":{"rendered":"https:\/\/estorescolaco.com\/politica-de-privacidade\/"},"modified":"2021-02-12T19:32:37","modified_gmt":"2021-02-12T19:32:37","slug":"privacy-policy","status":"publish","type":"page","link":"https:\/\/estorescolaco.com\/en\/privacy-policy\/","title":{"rendered":"Privacy Policy"},"content":{"rendered":"\t\t<div data-elementor-type=\"wp-page\" data-elementor-id=\"5745\" class=\"elementor elementor-5745 elementor-3494\">\n\t\t\t\t\t\t<section class=\"elementor-section elementor-top-section elementor-element elementor-element-cc275ff elementor-section-boxed elementor-section-height-default elementor-section-height-default\" data-id=\"cc275ff\" data-element_type=\"section\">\n\t\t\t\t\t\t<div class=\"elementor-container elementor-column-gap-default\">\n\t\t\t\t\t<div class=\"elementor-column elementor-col-100 elementor-top-column elementor-element elementor-element-48522c0\" data-id=\"48522c0\" data-element_type=\"column\">\n\t\t\t<div class=\"elementor-widget-wrap elementor-element-populated\">\n\t\t\t\t\t\t<div class=\"elementor-element elementor-element-5fbcb3c elementor-widget elementor-widget-text-editor\" data-id=\"5fbcb3c\" data-element_type=\"widget\" data-widget_type=\"text-editor.default\">\n\t\t\t\t<div class=\"elementor-widget-container\">\n\t\t\t\t\t\t\t\t\tUser privacy is important for the company Estores Cola\u00e7o, Lda., Hereinafter referred to as ESTORES COLA\u00c7O.\n\nESTORES COLA\u00c7O undertakes to guarantee confidentiality and privacy in the collection and processing of the data of its Customers and Users, complying with its obligations under the General Regulation on Data Protection, having developed for this purpose this Privacy Policy.\n\n<strong>General scope:<\/strong>\n\nESTORES COLA\u00c7O is responsible for this Privacy Policy. This covers this website, as well as other websites, microsites, forms and documents that mention the said policy.\n\n<strong>Within the scope of this Privacy Policy, ESTORES COLA\u00c7O defined as:<\/strong>\n\nThe Customer: any entity that purchases our products;\n\nUser: any visitor to this website, as well as other sites and microsites that mention the said policy.\n\nESTORES COLA\u00c7O reserves the right to update or modify its Privacy Policy at any time, namely, in order to adapt it to legislative changes. The user is therefore advised to visit this page regularly.\n\n<strong>Consent:<\/strong>\n\nBy using this website, you are giving your consent for the collection and use of the information.\n\nESTORES COLA\u00c7O may at any time modify, add or delete any of its website\u2019s privacy\u00a0 policies (<a href=\"https:\/\/estorescolaco.com\">https:\/\/estorescolaco.com<\/a>) by updating the content on this page.\n\n<strong>Data Collected:<\/strong>\n\nESTORES COLA\u00c7O collects data from its Customers and Users, by submitting existing forms for this purpose, in digital and \/ or physical format.\n\nESTORES COLA\u00c7O is the entity responsible for the collection and treatment of this data, deciding the categories of data collected, what is their treatment and the purposes that it will give to them.\n\nAll procedures carried out in an automated and non-automated way that allow the collection, organization, storage, modification and transfer of personal data will be considered as \u201ctreatment of personal data\u201d.\n\n<strong>Use of data:<\/strong>\n\nthe data collected by ESTORES COLA\u00c7O is intended for the communication process with customers and users and\u00a0 processing information requests.\n\n<strong>Data access:<\/strong>\n\nESTORES COLA\u00c7O does not disclose to third parties any personal data of its Customers and Users <span>without their consent except (1) when it comes to Group companies or (2) when necessary for employees, suppliers or ESTORES COLA\u00c7O business partners may provide a product or service or perform a function on behalf of ESTORES COLA\u00c7O, or (3) when required or permitted by law.\n\nESTORES COLA\u00c7O will take reasonable precautions to ensure that its employees or collaborators with access to personal data receive training appropriate to its correct processing, respecting this policy and legal data protection obligations. In case of non-compliance, ESTORES COLA\u00c7O will apply disciplinary sanctions to its employees and collaborators.\n\nWhenever ESTORES COLA\u00c7O discloses the user\u2019s personal data, it will safeguard compliance with the Personal Data Protection Law, namely through the provision of contractual provisions that ensure that the third party uses the data received only for the specified purposes, and in accordance with the purposes described in this policy, and which uses appropriate security means, in order to protect the user\u2019s personal data against illegal or unauthorized treatment as well as against accidental loss, destruction or other harmful actions.\n\nData storage:\n\nESTORES COLA\u00c7O keeps the data of its customers and Users on its servers located in Portugal. These servers are protected and maintained according to high security standards and in order to respect applicable privacy laws.\n\nData Storage Time:\nThe period of time for the storage and conservation of the personal data of Customers and Users of ESTORES COLA\u00c7O varies according to the purpose.\nThe personal data of the Users of our website and microsites will be kept until they remain active, being deleted with the end of this use.\nThe personal data provided for the purposes of our email content distribution list will be stored until the end of its use. In this case, Customers and Users can cancel the subscription of alerts at any time through the opt-out option provided in the Newsletters. Customer data and other specific data to be kept for compliance with the legal obligations of ESTORES COLA\u00c7O may be extended for a maximum period of up to 10 years (in accordance with article 130 of the Corporate Income Tax Code), end of which they will be eliminated.\n\nData security:\nESTORES COLA\u00c7O has taken the necessary technical and organizational measures to adequately protect your data regarding processing and unauthorized access.\nESTORES COLA\u00c7O makes every reasonable effort to avoid unauthorized or illegal use of the user\u2019s personal data, as well as its loss, destruction or damage. However, ESTORES COLA\u00c7O cannot provide an absolute guarantee regarding the User\u2019s data. Whenever there is a leak, loss or violation of personal data that is likely to imply a high risk to the rights and freedoms of its Clients and Users, ESTORES COLA\u00c7O will: Notify, within 72 hours after becoming aware of what happened , the supervisory authorities;\nCommunicate the situation in time to the holder (s) of the affected data.\nESTORES COLA\u00c7O guarantees the security of the user\u2019s personal data through the following means: (1) use of encryption with a certificate in all website communications, (2) use of a password to access the website; and (3) limiting access to personal data (for example, access only to ESTORES COLA\u00c7O employees or workers who need access to them for the purposes described above).\n\nExternal Links:\nThe ESTORES COLA\u00c7O website, microsites and social platforms may contain links to other websites and email addresses of companies not belonging to ESTORES COLA\u00c7O. This privacy policy does not apply to those websites and email addresses. If the User accesses a link available on the ESTORES COLA\u00c7O website, microsites and social platforms to another website and provides personal data on that website, the processing of the data will be subject to the privacy statement of that website.\n\nCookies:\nThe ESTORES COLA\u00c7O website uses cookies in certain areas.\nCookies are files that store information on the user\u2019s hard drive or browser, allowing websites to recognize you and know that you have visited them before. The user can configure his browser to refuse cookies, but in this case, the website or parts of it may not work correctly. Cookies are used to monitor and analyze the use of the website, allowing ESTORES COLA\u00c7O to better identify and serve the User.\n\nUser rights:\nAccording to the Personal Data Protection Law, the user is entitled to obtain information about his personal data. You have the right to know that personal data has been processed by ESTORES COLA\u00c7O, and may also require it to correct, complement, block or eliminate the data in whole or in part if they are found to be incomplete, incorrect or irrelevant for processing purposes.\nThe data update must be communicated by the user himself using the form created for the purpose or via email <span \n                data-original-string='vnIUjTI6bFYs3MJtvAnQrg==38eTPseZMio\/rbN3aHQnUylsrHG1qFMCmcPT3dGc2136a8='\n                class='apbct-email-encoder'\n                title='This contact has been encoded by Anti-Spam by CleanTalk. Click to decode. To finish the decoding make sure that JavaScript is enabled in your browser.'>es<span class=\"apbct-blur\">***********<\/span>@<span class=\"apbct-blur\">***********<\/span>co.com<\/span>\nIf you wish, at any time, to stop being part of the ESTORES COLA\u00c7O database\nmay exercise that right by contacting us via email\n<span \n                data-original-string='mdq6V3k\/rD2xyh98fxvzAg==38eJEz6Q+nElcRIszY\/xXTIJHS7LdqDsKPYbad\/GLjauEQ='\n                class='apbct-email-encoder'\n                title='This contact has been encoded by Anti-Spam by CleanTalk. Click to decode. To finish the decoding make sure that JavaScript is enabled in your browser.'>es<span class=\"apbct-blur\">***********<\/span>@<span class=\"apbct-blur\">***********<\/span>co.com<\/span>\t\t\t\t\t\t\t\t<\/div>\n\t\t\t\t<\/div>\n\t\t\t\t\t<\/div>\n\t\t<\/div>\n\t\t\t\t\t<\/div>\n\t\t<\/section>\n\t\t\t\t<section class=\"elementor-section elementor-top-section elementor-element elementor-element-e713ca2 elementor-section-boxed elementor-section-height-default elementor-section-height-default\" data-id=\"e713ca2\" data-element_type=\"section\">\n\t\t\t\t\t\t<div class=\"elementor-container elementor-column-gap-default\">\n\t\t\t\t\t<div class=\"elementor-column elementor-col-100 elementor-top-column elementor-element elementor-element-e76742f\" data-id=\"e76742f\" data-element_type=\"column\">\n\t\t\t<div class=\"elementor-widget-wrap elementor-element-populated\">\n\t\t\t\t\t\t<div class=\"elementor-element elementor-element-8124910 elementor-widget elementor-widget-spacer\" data-id=\"8124910\" data-element_type=\"widget\" data-widget_type=\"spacer.default\">\n\t\t\t\t<div class=\"elementor-widget-container\">\n\t\t\t\t\t\t\t<div class=\"elementor-spacer\">\n\t\t\t<div class=\"elementor-spacer-inner\"><\/div>\n\t\t<\/div>\n\t\t\t\t\t\t<\/div>\n\t\t\t\t<\/div>\n\t\t\t\t\t<\/div>\n\t\t<\/div>\n\t\t\t\t\t<\/div>\n\t\t<\/section>\n\t\t\t\t<\/div>\n\t\t","protected":false},"excerpt":{"rendered":"<p>User privacy is important for the company Estores Cola\u00e7o, Lda., Hereinafter referred to as ESTORES COLA\u00c7O. ESTORES COLA\u00c7O undertakes to guarantee confidentiality and privacy in the collection and processing of the data of its Customers and Users, complying with its obligations under the General Regulation on Data Protection, having developed for this purpose this Privacy [&hellip;]<\/p>\n","protected":false},"author":1,"featured_media":0,"parent":0,"menu_order":0,"comment_status":"closed","ping_status":"closed","template":"","meta":{"footnotes":""},"class_list":["post-5745","page","type-page","status-publish","hentry"],"_links":{"self":[{"href":"https:\/\/estorescolaco.com\/en\/wp-json\/wp\/v2\/pages\/5745","targetHints":{"allow":["GET"]}}],"collection":[{"href":"https:\/\/estorescolaco.com\/en\/wp-json\/wp\/v2\/pages"}],"about":[{"href":"https:\/\/estorescolaco.com\/en\/wp-json\/wp\/v2\/types\/page"}],"author":[{"embeddable":true,"href":"https:\/\/estorescolaco.com\/en\/wp-json\/wp\/v2\/users\/1"}],"replies":[{"embeddable":true,"href":"https:\/\/estorescolaco.com\/en\/wp-json\/wp\/v2\/comments?post=5745"}],"version-history":[{"count":239,"href":"https:\/\/estorescolaco.com\/en\/wp-json\/wp\/v2\/pages\/5745\/revisions"}],"predecessor-version":[{"id":6092,"href":"https:\/\/estorescolaco.com\/en\/wp-json\/wp\/v2\/pages\/5745\/revisions\/6092"}],"wp:attachment":[{"href":"https:\/\/estorescolaco.com\/en\/wp-json\/wp\/v2\/media?parent=5745"}],"curies":[{"name":"wp","href":"https:\/\/api.w.org\/{rel}","templated":true}]}}